{"id":4194,"date":"2025-01-12T05:02:31","date_gmt":"2025-01-12T02:02:31","guid":{"rendered":"https:\/\/almoroj.com\/?post_type=product&#038;p=4194"},"modified":"2025-01-28T14:55:20","modified_gmt":"2025-01-28T12:55:20","slug":"artichoke","status":"publish","type":"product","link":"https:\/\/almoroj.com\/it\/prodotto\/artichoke\/","title":{"rendered":"Carciofo"},"content":{"rendered":"<p>Moroj Al-Yasmeen \u00e8 orgogliosa di presentare i nostri carciofi di prima qualit\u00e0, una meraviglia di bont\u00e0 naturale che sicuramente catturer\u00e0 i vostri sensi. Apprezzati per il loro cuore tenero e il sapore delizioso, i nostri carciofi sono una fantastica fonte di vitamine essenziali e fibre.<\/p>\n<p><\/p>\n<p>Raccolte a mano con precisione, queste deliziose prelibatezze vantano sapori intensi e una consistenza appagante, rendendole un&#039;eccellente aggiunta a qualsiasi pasto. Da cotti al vapore a grigliati o incorporati in salse, la versatilit\u00e0 dei nostri carciofi assicura che si adattino a qualsiasi stile culinario.<\/p>\n<p><\/p>\n<p>Arricchisci la tua dieta con queste meraviglie salutari per il cuore che non solo deliziano il palato, ma sono anche in linea con i tuoi obiettivi di benessere.<\/p>\n<p><\/p>\n<p><strong><em>Avviso informativo:<\/em><\/strong> Questo prodotto \u00e8 disponibile per l&#039;acquisto a pallet. Ogni pallet contiene 50 scatole di prodotto. Ogni scatola contiene 12 KG di prodotto. La spedizione non \u00e8 inclusa nel prezzo.<\/p>","protected":false},"excerpt":{"rendered":"<p>Scopri la natura sana e succulenta dei nostri carciofi di prima qualit\u00e0, perfetti per arricchire le tue creazioni culinarie con un tocco salutare.<\/p>","protected":false},"featured_media":4251,"template":"","meta":{"inline_featured_image":false},"product_brand":[],"product_cat":[249],"product_tag":[351,252,310,265],"class_list":{"0":"post-4194","1":"product","2":"type-product","3":"status-publish","4":"has-post-thumbnail","6":"product_cat-vegetables","7":"product_tag-artichoke","8":"product_tag-fresh","9":"product_tag-gourmet","10":"product_tag-nutrient-rich","12":"first","13":"instock","14":"taxable","15":"shipping-taxable","16":"purchasable","17":"product-type-simple"},"yoast_head":"<!-- This site is optimized with the Yoast SEO plugin v27.4 - https:\/\/yoast.com\/product\/yoast-seo-wordpress\/ -->\n<title>Artichoke - Al-Moroj<\/title>\n<meta name=\"description\" content=\"Discover Moroj Al-Yasmeen&#039;s premium artichokes, a natural source of vitamins and fiber ideal for any meal. Available for purchase by the pallet.\" \/>\n<meta name=\"robots\" content=\"index, follow, max-snippet:-1, max-image-preview:large, max-video-preview:-1\" \/>\n<link rel=\"canonical\" href=\"https:\/\/almoroj.com\/it\/prodotto\/artichoke\/\" \/>\n<meta property=\"og:locale\" content=\"it_IT\" \/>\n<meta property=\"og:type\" content=\"article\" \/>\n<meta property=\"og:title\" content=\"Artichoke - Al-Moroj\" \/>\n<meta property=\"og:description\" content=\"Discover Moroj Al-Yasmeen&#039;s premium artichokes, a natural source of vitamins and fiber ideal for any meal. Available for purchase by the pallet.\" \/>\n<meta property=\"og:url\" content=\"https:\/\/almoroj.com\/it\/prodotto\/artichoke\/\" \/>\n<meta property=\"og:site_name\" content=\"Al-Moroj\" \/>\n<meta property=\"article:publisher\" content=\"https:\/\/www.facebook.com\/almorojfoods\" \/>\n<meta property=\"article:modified_time\" content=\"2025-01-28T12:55:20+00:00\" \/>\n<meta property=\"og:image\" content=\"https:\/\/almoroj.com\/wp-content\/uploads\/2025\/01\/139473.webp\" \/>\n\t<meta property=\"og:image:width\" content=\"1500\" \/>\n\t<meta property=\"og:image:height\" content=\"1500\" \/>\n\t<meta property=\"og:image:type\" content=\"image\/webp\" \/>\n<meta name=\"twitter:card\" content=\"summary_large_image\" \/>\n<meta name=\"twitter:site\" content=\"@almorojfoods\" \/>\n<meta name=\"twitter:label1\" content=\"Tempo di lettura stimato\" \/>\n\t<meta name=\"twitter:data1\" content=\"1 minuto\" \/>\n<script type=\"application\/ld+json\" class=\"yoast-schema-graph\">{\"@context\":\"https:\\\/\\\/schema.org\",\"@graph\":[{\"@type\":\"WebPage\",\"@id\":\"https:\\\/\\\/almoroj.com\\\/product\\\/artichoke\\\/\",\"url\":\"https:\\\/\\\/almoroj.com\\\/product\\\/artichoke\\\/\",\"name\":\"Artichoke - Al-Moroj\",\"isPartOf\":{\"@id\":\"https:\\\/\\\/almoroj.com\\\/#website\"},\"primaryImageOfPage\":{\"@id\":\"https:\\\/\\\/almoroj.com\\\/product\\\/artichoke\\\/#primaryimage\"},\"image\":{\"@id\":\"https:\\\/\\\/almoroj.com\\\/product\\\/artichoke\\\/#primaryimage\"},\"thumbnailUrl\":\"https:\\\/\\\/almoroj.com\\\/wp-content\\\/uploads\\\/2025\\\/01\\\/139473.webp\",\"datePublished\":\"2025-01-12T02:02:31+00:00\",\"dateModified\":\"2025-01-28T12:55:20+00:00\",\"description\":\"Discover Moroj Al-Yasmeen's premium artichokes, a natural source of vitamins and fiber ideal for any meal. Available for purchase by the pallet.\",\"breadcrumb\":{\"@id\":\"https:\\\/\\\/almoroj.com\\\/product\\\/artichoke\\\/#breadcrumb\"},\"inLanguage\":\"it-IT\",\"potentialAction\":[{\"@type\":\"ReadAction\",\"target\":[\"https:\\\/\\\/almoroj.com\\\/product\\\/artichoke\\\/\"]}]},{\"@type\":\"ImageObject\",\"inLanguage\":\"it-IT\",\"@id\":\"https:\\\/\\\/almoroj.com\\\/product\\\/artichoke\\\/#primaryimage\",\"url\":\"https:\\\/\\\/almoroj.com\\\/wp-content\\\/uploads\\\/2025\\\/01\\\/139473.webp\",\"contentUrl\":\"https:\\\/\\\/almoroj.com\\\/wp-content\\\/uploads\\\/2025\\\/01\\\/139473.webp\",\"width\":1500,\"height\":1500},{\"@type\":\"BreadcrumbList\",\"@id\":\"https:\\\/\\\/almoroj.com\\\/product\\\/artichoke\\\/#breadcrumb\",\"itemListElement\":[{\"@type\":\"ListItem\",\"position\":1,\"name\":\"Home\",\"item\":\"https:\\\/\\\/almoroj.com\\\/\"},{\"@type\":\"ListItem\",\"position\":2,\"name\":\"Shop\",\"item\":\"https:\\\/\\\/almoroj.com\\\/shop\\\/\"},{\"@type\":\"ListItem\",\"position\":3,\"name\":\"Artichoke\"}]},{\"@type\":\"WebSite\",\"@id\":\"https:\\\/\\\/almoroj.com\\\/#website\",\"url\":\"https:\\\/\\\/almoroj.com\\\/\",\"name\":\"Al-Moroj\",\"description\":\"Al-Moroj for organic products\",\"publisher\":{\"@id\":\"https:\\\/\\\/almoroj.com\\\/#organization\"},\"potentialAction\":[{\"@type\":\"SearchAction\",\"target\":{\"@type\":\"EntryPoint\",\"urlTemplate\":\"https:\\\/\\\/almoroj.com\\\/?s={search_term_string}\"},\"query-input\":{\"@type\":\"PropertyValueSpecification\",\"valueRequired\":true,\"valueName\":\"search_term_string\"}}],\"inLanguage\":\"it-IT\"},{\"@type\":\"Organization\",\"@id\":\"https:\\\/\\\/almoroj.com\\\/#organization\",\"name\":\"Al-Moroj\",\"url\":\"https:\\\/\\\/almoroj.com\\\/\",\"logo\":{\"@type\":\"ImageObject\",\"inLanguage\":\"it-IT\",\"@id\":\"https:\\\/\\\/almoroj.com\\\/#\\\/schema\\\/logo\\\/image\\\/\",\"url\":\"https:\\\/\\\/almoroj.com\\\/wp-content\\\/uploads\\\/2025\\\/01\\\/logo-square-512.webp\",\"contentUrl\":\"https:\\\/\\\/almoroj.com\\\/wp-content\\\/uploads\\\/2025\\\/01\\\/logo-square-512.webp\",\"width\":512,\"height\":512,\"caption\":\"Al-Moroj\"},\"image\":{\"@id\":\"https:\\\/\\\/almoroj.com\\\/#\\\/schema\\\/logo\\\/image\\\/\"},\"sameAs\":[\"https:\\\/\\\/www.facebook.com\\\/almorojfoods\",\"https:\\\/\\\/x.com\\\/almorojfoods\",\"https:\\\/\\\/www.instagram.com\\\/almorojfoods\",\"https:\\\/\\\/linkedin.com\\\/company\\\/almorojfoods\"]}]}<\/script>\n<!-- \/ Yoast SEO plugin. -->","yoast_head_json":{"title":"Artichoke - Al-Moroj","description":"Discover Moroj Al-Yasmeen's premium artichokes, a natural source of vitamins and fiber ideal for any meal. Available for purchase by the pallet.","robots":{"index":"index","follow":"follow","max-snippet":"max-snippet:-1","max-image-preview":"max-image-preview:large","max-video-preview":"max-video-preview:-1"},"canonical":"https:\/\/almoroj.com\/it\/prodotto\/artichoke\/","og_locale":"it_IT","og_type":"article","og_title":"Artichoke - Al-Moroj","og_description":"Discover Moroj Al-Yasmeen's premium artichokes, a natural source of vitamins and fiber ideal for any meal. Available for purchase by the pallet.","og_url":"https:\/\/almoroj.com\/it\/prodotto\/artichoke\/","og_site_name":"Al-Moroj","article_publisher":"https:\/\/www.facebook.com\/almorojfoods","article_modified_time":"2025-01-28T12:55:20+00:00","og_image":[{"width":1500,"height":1500,"url":"https:\/\/almoroj.com\/wp-content\/uploads\/2025\/01\/139473.webp","type":"image\/webp"}],"twitter_card":"summary_large_image","twitter_site":"@almorojfoods","twitter_misc":{"Tempo di lettura stimato":"1 minuto"},"schema":{"@context":"https:\/\/schema.org","@graph":[{"@type":"WebPage","@id":"https:\/\/almoroj.com\/product\/artichoke\/","url":"https:\/\/almoroj.com\/product\/artichoke\/","name":"Artichoke - Al-Moroj","isPartOf":{"@id":"https:\/\/almoroj.com\/#website"},"primaryImageOfPage":{"@id":"https:\/\/almoroj.com\/product\/artichoke\/#primaryimage"},"image":{"@id":"https:\/\/almoroj.com\/product\/artichoke\/#primaryimage"},"thumbnailUrl":"https:\/\/almoroj.com\/wp-content\/uploads\/2025\/01\/139473.webp","datePublished":"2025-01-12T02:02:31+00:00","dateModified":"2025-01-28T12:55:20+00:00","description":"Discover Moroj Al-Yasmeen's premium artichokes, a natural source of vitamins and fiber ideal for any meal. Available for purchase by the pallet.","breadcrumb":{"@id":"https:\/\/almoroj.com\/product\/artichoke\/#breadcrumb"},"inLanguage":"it-IT","potentialAction":[{"@type":"ReadAction","target":["https:\/\/almoroj.com\/product\/artichoke\/"]}]},{"@type":"ImageObject","inLanguage":"it-IT","@id":"https:\/\/almoroj.com\/product\/artichoke\/#primaryimage","url":"https:\/\/almoroj.com\/wp-content\/uploads\/2025\/01\/139473.webp","contentUrl":"https:\/\/almoroj.com\/wp-content\/uploads\/2025\/01\/139473.webp","width":1500,"height":1500},{"@type":"BreadcrumbList","@id":"https:\/\/almoroj.com\/product\/artichoke\/#breadcrumb","itemListElement":[{"@type":"ListItem","position":1,"name":"Home","item":"https:\/\/almoroj.com\/"},{"@type":"ListItem","position":2,"name":"Shop","item":"https:\/\/almoroj.com\/shop\/"},{"@type":"ListItem","position":3,"name":"Artichoke"}]},{"@type":"WebSite","@id":"https:\/\/almoroj.com\/#website","url":"https:\/\/almoroj.com\/","name":"Al-Moroj","description":"Al-Moroj for organic products","publisher":{"@id":"https:\/\/almoroj.com\/#organization"},"potentialAction":[{"@type":"SearchAction","target":{"@type":"EntryPoint","urlTemplate":"https:\/\/almoroj.com\/?s={search_term_string}"},"query-input":{"@type":"PropertyValueSpecification","valueRequired":true,"valueName":"search_term_string"}}],"inLanguage":"it-IT"},{"@type":"Organization","@id":"https:\/\/almoroj.com\/#organization","name":"Al-Moroj","url":"https:\/\/almoroj.com\/","logo":{"@type":"ImageObject","inLanguage":"it-IT","@id":"https:\/\/almoroj.com\/#\/schema\/logo\/image\/","url":"https:\/\/almoroj.com\/wp-content\/uploads\/2025\/01\/logo-square-512.webp","contentUrl":"https:\/\/almoroj.com\/wp-content\/uploads\/2025\/01\/logo-square-512.webp","width":512,"height":512,"caption":"Al-Moroj"},"image":{"@id":"https:\/\/almoroj.com\/#\/schema\/logo\/image\/"},"sameAs":["https:\/\/www.facebook.com\/almorojfoods","https:\/\/x.com\/almorojfoods","https:\/\/www.instagram.com\/almorojfoods","https:\/\/linkedin.com\/company\/almorojfoods"]}]}},"_links":{"self":[{"href":"https:\/\/almoroj.com\/it\/wp-json\/wp\/v2\/product\/4194","targetHints":{"allow":["GET"]}}],"collection":[{"href":"https:\/\/almoroj.com\/it\/wp-json\/wp\/v2\/product"}],"about":[{"href":"https:\/\/almoroj.com\/it\/wp-json\/wp\/v2\/types\/product"}],"wp:featuredmedia":[{"embeddable":true,"href":"https:\/\/almoroj.com\/it\/wp-json\/wp\/v2\/media\/4251"}],"wp:attachment":[{"href":"https:\/\/almoroj.com\/it\/wp-json\/wp\/v2\/media?parent=4194"}],"wp:term":[{"taxonomy":"product_brand","embeddable":true,"href":"https:\/\/almoroj.com\/it\/wp-json\/wp\/v2\/product_brand?post=4194"},{"taxonomy":"product_cat","embeddable":true,"href":"https:\/\/almoroj.com\/it\/wp-json\/wp\/v2\/product_cat?post=4194"},{"taxonomy":"product_tag","embeddable":true,"href":"https:\/\/almoroj.com\/it\/wp-json\/wp\/v2\/product_tag?post=4194"}],"curies":[{"name":"wp","href":"https:\/\/api.w.org\/{rel}","templated":true}]}}