{"id":4193,"date":"2025-01-12T05:02:31","date_gmt":"2025-01-12T02:02:31","guid":{"rendered":"https:\/\/almoroj.com\/?post_type=product&#038;p=4193"},"modified":"2025-01-28T14:55:26","modified_gmt":"2025-01-28T12:55:26","slug":"broccoli","status":"publish","type":"product","link":"https:\/\/almoroj.com\/it\/prodotto\/broccoli\/","title":{"rendered":"Broccoli"},"content":{"rendered":"<p>I nostri broccoli sono l&#039;epitome di prodotti naturali di alta qualit\u00e0, portati a voi dai campi rigogliosi e fertili, rinomati per la coltivazione delle migliori verdure. Ogni fiore \u00e8 una gemma verde brillante, ricca di vitamine e antiossidanti, che lo rendono una scelta eccezionale per individui e famiglie attente alla salute. Con una consistenza croccante e un sapore fresco, i nostri broccoli sono perfetti per insalate, zuppe o come contorno nutriente.<\/p>\n<p>Rinomato per i suoi benefici per la salute, il broccolo \u00e8 un concentrato di vitamina C, K e fibre. Goditi la tranquillit\u00e0 di sapere che stai incorporando nella tua dieta un ortaggio che \u00e8 tanto benefico per la tua salute quanto delizioso.<\/p>\n<p><strong>Avviso informativo:<\/strong> Questo prodotto \u00e8 disponibile per l&#039;acquisto a pallet. Ogni pallet contiene 50 scatole di prodotto. Ogni scatola contiene 12 KG di prodotto. La spedizione non \u00e8 inclusa nel prezzo.<\/p>","protected":false},"excerpt":{"rendered":"<p>Provate la bont\u00e0 salutare dei nostri broccoli naturali di prima qualit\u00e0, ricchi di nutrienti e freschezza che il vostro corpo adorer\u00e0.<\/p>","protected":false},"featured_media":4199,"template":"","meta":{"inline_featured_image":false},"product_brand":[],"product_cat":[249],"product_tag":[347,252,350,348,349,254],"class_list":{"0":"post-4193","1":"product","2":"type-product","3":"status-publish","4":"has-post-thumbnail","6":"product_cat-vegetables","7":"product_tag-broccoli","8":"product_tag-fresh","9":"product_tag-green","10":"product_tag-nutritional","11":"product_tag-powerhouse","12":"product_tag-premium","14":"first","15":"instock","16":"taxable","17":"shipping-taxable","18":"purchasable","19":"product-type-simple"},"yoast_head":"<!-- This site is optimized with the Yoast SEO plugin v27.4 - https:\/\/yoast.com\/product\/yoast-seo-wordpress\/ -->\n<title>Broccoli - Al-Moroj<\/title>\n<meta name=\"description\" content=\"Moroj Al-Yasmeen offers natural, nutrient-rich broccoli for a healthy diet, available for bulk purchase. Packed with vitamins, antioxidants, and freshness.\" \/>\n<meta name=\"robots\" content=\"index, follow, max-snippet:-1, max-image-preview:large, max-video-preview:-1\" \/>\n<link rel=\"canonical\" href=\"https:\/\/almoroj.com\/it\/prodotto\/broccoli\/\" \/>\n<meta property=\"og:locale\" content=\"it_IT\" \/>\n<meta property=\"og:type\" content=\"article\" \/>\n<meta property=\"og:title\" content=\"Broccoli - Al-Moroj\" \/>\n<meta property=\"og:description\" content=\"Moroj Al-Yasmeen offers natural, nutrient-rich broccoli for a healthy diet, available for bulk purchase. Packed with vitamins, antioxidants, and freshness.\" \/>\n<meta property=\"og:url\" content=\"https:\/\/almoroj.com\/it\/prodotto\/broccoli\/\" \/>\n<meta property=\"og:site_name\" content=\"Al-Moroj\" \/>\n<meta property=\"article:publisher\" content=\"https:\/\/www.facebook.com\/almorojfoods\" \/>\n<meta property=\"article:modified_time\" content=\"2025-01-28T12:55:26+00:00\" \/>\n<meta property=\"og:image\" content=\"https:\/\/almoroj.com\/wp-content\/uploads\/2025\/01\/broccoli.webp\" \/>\n\t<meta property=\"og:image:width\" content=\"543\" \/>\n\t<meta property=\"og:image:height\" content=\"612\" \/>\n\t<meta property=\"og:image:type\" content=\"image\/webp\" \/>\n<meta name=\"twitter:card\" content=\"summary_large_image\" \/>\n<meta name=\"twitter:site\" content=\"@almorojfoods\" \/>\n<meta name=\"twitter:label1\" content=\"Tempo di lettura stimato\" \/>\n\t<meta name=\"twitter:data1\" content=\"1 minuto\" \/>\n<script type=\"application\/ld+json\" class=\"yoast-schema-graph\">{\"@context\":\"https:\\\/\\\/schema.org\",\"@graph\":[{\"@type\":\"WebPage\",\"@id\":\"https:\\\/\\\/almoroj.com\\\/product\\\/broccoli\\\/\",\"url\":\"https:\\\/\\\/almoroj.com\\\/product\\\/broccoli\\\/\",\"name\":\"Broccoli - Al-Moroj\",\"isPartOf\":{\"@id\":\"https:\\\/\\\/almoroj.com\\\/#website\"},\"primaryImageOfPage\":{\"@id\":\"https:\\\/\\\/almoroj.com\\\/product\\\/broccoli\\\/#primaryimage\"},\"image\":{\"@id\":\"https:\\\/\\\/almoroj.com\\\/product\\\/broccoli\\\/#primaryimage\"},\"thumbnailUrl\":\"https:\\\/\\\/almoroj.com\\\/wp-content\\\/uploads\\\/2025\\\/01\\\/broccoli.webp\",\"datePublished\":\"2025-01-12T02:02:31+00:00\",\"dateModified\":\"2025-01-28T12:55:26+00:00\",\"description\":\"Moroj Al-Yasmeen offers natural, nutrient-rich broccoli for a healthy diet, available for bulk purchase. Packed with vitamins, antioxidants, and freshness.\",\"breadcrumb\":{\"@id\":\"https:\\\/\\\/almoroj.com\\\/product\\\/broccoli\\\/#breadcrumb\"},\"inLanguage\":\"it-IT\",\"potentialAction\":[{\"@type\":\"ReadAction\",\"target\":[\"https:\\\/\\\/almoroj.com\\\/product\\\/broccoli\\\/\"]}]},{\"@type\":\"ImageObject\",\"inLanguage\":\"it-IT\",\"@id\":\"https:\\\/\\\/almoroj.com\\\/product\\\/broccoli\\\/#primaryimage\",\"url\":\"https:\\\/\\\/almoroj.com\\\/wp-content\\\/uploads\\\/2025\\\/01\\\/broccoli.webp\",\"contentUrl\":\"https:\\\/\\\/almoroj.com\\\/wp-content\\\/uploads\\\/2025\\\/01\\\/broccoli.webp\",\"width\":543,\"height\":612},{\"@type\":\"BreadcrumbList\",\"@id\":\"https:\\\/\\\/almoroj.com\\\/product\\\/broccoli\\\/#breadcrumb\",\"itemListElement\":[{\"@type\":\"ListItem\",\"position\":1,\"name\":\"Home\",\"item\":\"https:\\\/\\\/almoroj.com\\\/\"},{\"@type\":\"ListItem\",\"position\":2,\"name\":\"Shop\",\"item\":\"https:\\\/\\\/almoroj.com\\\/shop\\\/\"},{\"@type\":\"ListItem\",\"position\":3,\"name\":\"Broccoli\"}]},{\"@type\":\"WebSite\",\"@id\":\"https:\\\/\\\/almoroj.com\\\/#website\",\"url\":\"https:\\\/\\\/almoroj.com\\\/\",\"name\":\"Al-Moroj\",\"description\":\"Al-Moroj for organic products\",\"publisher\":{\"@id\":\"https:\\\/\\\/almoroj.com\\\/#organization\"},\"potentialAction\":[{\"@type\":\"SearchAction\",\"target\":{\"@type\":\"EntryPoint\",\"urlTemplate\":\"https:\\\/\\\/almoroj.com\\\/?s={search_term_string}\"},\"query-input\":{\"@type\":\"PropertyValueSpecification\",\"valueRequired\":true,\"valueName\":\"search_term_string\"}}],\"inLanguage\":\"it-IT\"},{\"@type\":\"Organization\",\"@id\":\"https:\\\/\\\/almoroj.com\\\/#organization\",\"name\":\"Al-Moroj\",\"url\":\"https:\\\/\\\/almoroj.com\\\/\",\"logo\":{\"@type\":\"ImageObject\",\"inLanguage\":\"it-IT\",\"@id\":\"https:\\\/\\\/almoroj.com\\\/#\\\/schema\\\/logo\\\/image\\\/\",\"url\":\"https:\\\/\\\/almoroj.com\\\/wp-content\\\/uploads\\\/2025\\\/01\\\/logo-square-512.webp\",\"contentUrl\":\"https:\\\/\\\/almoroj.com\\\/wp-content\\\/uploads\\\/2025\\\/01\\\/logo-square-512.webp\",\"width\":512,\"height\":512,\"caption\":\"Al-Moroj\"},\"image\":{\"@id\":\"https:\\\/\\\/almoroj.com\\\/#\\\/schema\\\/logo\\\/image\\\/\"},\"sameAs\":[\"https:\\\/\\\/www.facebook.com\\\/almorojfoods\",\"https:\\\/\\\/x.com\\\/almorojfoods\",\"https:\\\/\\\/www.instagram.com\\\/almorojfoods\",\"https:\\\/\\\/linkedin.com\\\/company\\\/almorojfoods\"]}]}<\/script>\n<!-- \/ Yoast SEO plugin. -->","yoast_head_json":{"title":"Broccoli - Al-Moroj","description":"Moroj Al-Yasmeen offers natural, nutrient-rich broccoli for a healthy diet, available for bulk purchase. Packed with vitamins, antioxidants, and freshness.","robots":{"index":"index","follow":"follow","max-snippet":"max-snippet:-1","max-image-preview":"max-image-preview:large","max-video-preview":"max-video-preview:-1"},"canonical":"https:\/\/almoroj.com\/it\/prodotto\/broccoli\/","og_locale":"it_IT","og_type":"article","og_title":"Broccoli - Al-Moroj","og_description":"Moroj Al-Yasmeen offers natural, nutrient-rich broccoli for a healthy diet, available for bulk purchase. Packed with vitamins, antioxidants, and freshness.","og_url":"https:\/\/almoroj.com\/it\/prodotto\/broccoli\/","og_site_name":"Al-Moroj","article_publisher":"https:\/\/www.facebook.com\/almorojfoods","article_modified_time":"2025-01-28T12:55:26+00:00","og_image":[{"width":543,"height":612,"url":"https:\/\/almoroj.com\/wp-content\/uploads\/2025\/01\/broccoli.webp","type":"image\/webp"}],"twitter_card":"summary_large_image","twitter_site":"@almorojfoods","twitter_misc":{"Tempo di lettura stimato":"1 minuto"},"schema":{"@context":"https:\/\/schema.org","@graph":[{"@type":"WebPage","@id":"https:\/\/almoroj.com\/product\/broccoli\/","url":"https:\/\/almoroj.com\/product\/broccoli\/","name":"Broccoli - Al-Moroj","isPartOf":{"@id":"https:\/\/almoroj.com\/#website"},"primaryImageOfPage":{"@id":"https:\/\/almoroj.com\/product\/broccoli\/#primaryimage"},"image":{"@id":"https:\/\/almoroj.com\/product\/broccoli\/#primaryimage"},"thumbnailUrl":"https:\/\/almoroj.com\/wp-content\/uploads\/2025\/01\/broccoli.webp","datePublished":"2025-01-12T02:02:31+00:00","dateModified":"2025-01-28T12:55:26+00:00","description":"Moroj Al-Yasmeen offers natural, nutrient-rich broccoli for a healthy diet, available for bulk purchase. Packed with vitamins, antioxidants, and freshness.","breadcrumb":{"@id":"https:\/\/almoroj.com\/product\/broccoli\/#breadcrumb"},"inLanguage":"it-IT","potentialAction":[{"@type":"ReadAction","target":["https:\/\/almoroj.com\/product\/broccoli\/"]}]},{"@type":"ImageObject","inLanguage":"it-IT","@id":"https:\/\/almoroj.com\/product\/broccoli\/#primaryimage","url":"https:\/\/almoroj.com\/wp-content\/uploads\/2025\/01\/broccoli.webp","contentUrl":"https:\/\/almoroj.com\/wp-content\/uploads\/2025\/01\/broccoli.webp","width":543,"height":612},{"@type":"BreadcrumbList","@id":"https:\/\/almoroj.com\/product\/broccoli\/#breadcrumb","itemListElement":[{"@type":"ListItem","position":1,"name":"Home","item":"https:\/\/almoroj.com\/"},{"@type":"ListItem","position":2,"name":"Shop","item":"https:\/\/almoroj.com\/shop\/"},{"@type":"ListItem","position":3,"name":"Broccoli"}]},{"@type":"WebSite","@id":"https:\/\/almoroj.com\/#website","url":"https:\/\/almoroj.com\/","name":"Al-Moroj","description":"Al-Moroj for organic products","publisher":{"@id":"https:\/\/almoroj.com\/#organization"},"potentialAction":[{"@type":"SearchAction","target":{"@type":"EntryPoint","urlTemplate":"https:\/\/almoroj.com\/?s={search_term_string}"},"query-input":{"@type":"PropertyValueSpecification","valueRequired":true,"valueName":"search_term_string"}}],"inLanguage":"it-IT"},{"@type":"Organization","@id":"https:\/\/almoroj.com\/#organization","name":"Al-Moroj","url":"https:\/\/almoroj.com\/","logo":{"@type":"ImageObject","inLanguage":"it-IT","@id":"https:\/\/almoroj.com\/#\/schema\/logo\/image\/","url":"https:\/\/almoroj.com\/wp-content\/uploads\/2025\/01\/logo-square-512.webp","contentUrl":"https:\/\/almoroj.com\/wp-content\/uploads\/2025\/01\/logo-square-512.webp","width":512,"height":512,"caption":"Al-Moroj"},"image":{"@id":"https:\/\/almoroj.com\/#\/schema\/logo\/image\/"},"sameAs":["https:\/\/www.facebook.com\/almorojfoods","https:\/\/x.com\/almorojfoods","https:\/\/www.instagram.com\/almorojfoods","https:\/\/linkedin.com\/company\/almorojfoods"]}]}},"_links":{"self":[{"href":"https:\/\/almoroj.com\/it\/wp-json\/wp\/v2\/product\/4193","targetHints":{"allow":["GET"]}}],"collection":[{"href":"https:\/\/almoroj.com\/it\/wp-json\/wp\/v2\/product"}],"about":[{"href":"https:\/\/almoroj.com\/it\/wp-json\/wp\/v2\/types\/product"}],"wp:featuredmedia":[{"embeddable":true,"href":"https:\/\/almoroj.com\/it\/wp-json\/wp\/v2\/media\/4199"}],"wp:attachment":[{"href":"https:\/\/almoroj.com\/it\/wp-json\/wp\/v2\/media?parent=4193"}],"wp:term":[{"taxonomy":"product_brand","embeddable":true,"href":"https:\/\/almoroj.com\/it\/wp-json\/wp\/v2\/product_brand?post=4193"},{"taxonomy":"product_cat","embeddable":true,"href":"https:\/\/almoroj.com\/it\/wp-json\/wp\/v2\/product_cat?post=4193"},{"taxonomy":"product_tag","embeddable":true,"href":"https:\/\/almoroj.com\/it\/wp-json\/wp\/v2\/product_tag?post=4193"}],"curies":[{"name":"wp","href":"https:\/\/api.w.org\/{rel}","templated":true}]}}