{"id":4176,"date":"2025-01-12T05:02:11","date_gmt":"2025-01-12T02:02:11","guid":{"rendered":"https:\/\/almoroj.com\/?post_type=product&#038;p=4176"},"modified":"2025-01-28T14:56:09","modified_gmt":"2025-01-28T12:56:09","slug":"potatoes","status":"publish","type":"product","link":"https:\/\/almoroj.com\/it\/prodotto\/potatoes\/","title":{"rendered":"Patate"},"content":{"rendered":"<p>Nostro <strong>Patate naturali di prima qualit\u00e0<\/strong> sono una selezione di prima qualit\u00e0 per chi d\u00e0 priorit\u00e0 alla salute senza rinunciare al gusto. Coltivate in terreni ricchi di sostanze nutritive e raccolte con cura, queste patate offrono una qualit\u00e0 superiore difficile da eguagliare. Il loro sapore ricco e la consistenza soda le rendono perfette per una variet\u00e0 di piatti, che tu le stia cuocendo al forno, bollendo o friggendo. Ricche di vitamine e minerali essenziali, queste patate sono una scelta naturale per dare una spinta ai tuoi pasti.<\/p>\n<p>&nbsp;<\/p>\n<p>Con ogni boccone, non solo arricchisci la tua dieta, ma fai anche una scelta sostenibile che supporta le pratiche agricole globali. La nostra dedizione alla qualit\u00e0 assicura che ogni lotto soddisfi rigorosi standard, fornendoti un prodotto tanto nutriente quanto delizioso.<\/p>\n<p>&nbsp;<\/p>\n<p><strong>Avviso informativo:<\/strong> Questo prodotto \u00e8 disponibile per l&#039;acquisto a pallet. Ogni pallet contiene 50 scatole di prodotto. Ogni scatola contiene 12 KG di prodotto. La spedizione non \u00e8 inclusa nel prezzo.<\/p>","protected":false},"excerpt":{"rendered":"<p>Patate naturali di prima qualit\u00e0: la scelta pi\u00f9 sana per ogni pasto!<\/p>","protected":false},"featured_media":4233,"template":"","meta":{"inline_featured_image":false},"product_brand":[],"product_cat":[249],"product_tag":[309,310,265,355,261,273],"class_list":{"0":"post-4176","1":"product","2":"type-product","3":"status-publish","4":"has-post-thumbnail","6":"product_cat-vegetables","7":"product_tag-fresh-produce","8":"product_tag-gourmet","9":"product_tag-nutrient-rich","10":"product_tag-potatoes","11":"product_tag-premium-quality","12":"product_tag-sustainable-farming","14":"first","15":"instock","16":"featured","17":"taxable","18":"shipping-taxable","19":"purchasable","20":"product-type-simple"},"yoast_head":"<!-- This site is optimized with the Yoast SEO plugin v27.4 - https:\/\/yoast.com\/product\/yoast-seo-wordpress\/ -->\n<title>Potatoes - Al-Moroj<\/title>\n<meta name=\"description\" content=\"Moroj Al-Yasmeen&#039;s Premium Natural Potatoes - Top quality for healthy meals worldwide. Available by pallet. Elevate your dishes today!\" \/>\n<meta name=\"robots\" content=\"index, follow, max-snippet:-1, max-image-preview:large, max-video-preview:-1\" \/>\n<link rel=\"canonical\" href=\"https:\/\/almoroj.com\/it\/prodotto\/potatoes\/\" \/>\n<meta property=\"og:locale\" content=\"it_IT\" \/>\n<meta property=\"og:type\" content=\"article\" \/>\n<meta property=\"og:title\" content=\"Potatoes - Al-Moroj\" \/>\n<meta property=\"og:description\" content=\"Moroj Al-Yasmeen&#039;s Premium Natural Potatoes - Top quality for healthy meals worldwide. Available by pallet. Elevate your dishes today!\" \/>\n<meta property=\"og:url\" content=\"https:\/\/almoroj.com\/it\/prodotto\/potatoes\/\" \/>\n<meta property=\"og:site_name\" content=\"Al-Moroj\" \/>\n<meta property=\"article:publisher\" content=\"https:\/\/www.facebook.com\/almorojfoods\" \/>\n<meta property=\"article:modified_time\" content=\"2025-01-28T12:56:09+00:00\" \/>\n<meta property=\"og:image\" content=\"https:\/\/almoroj.com\/wp-content\/uploads\/2025\/01\/potatoes.webp\" \/>\n\t<meta property=\"og:image:width\" content=\"1500\" \/>\n\t<meta property=\"og:image:height\" content=\"1500\" \/>\n\t<meta property=\"og:image:type\" content=\"image\/webp\" \/>\n<meta name=\"twitter:card\" content=\"summary_large_image\" \/>\n<meta name=\"twitter:site\" content=\"@almorojfoods\" \/>\n<meta name=\"twitter:label1\" content=\"Tempo di lettura stimato\" \/>\n\t<meta name=\"twitter:data1\" content=\"1 minuto\" \/>\n<script type=\"application\/ld+json\" class=\"yoast-schema-graph\">{\"@context\":\"https:\\\/\\\/schema.org\",\"@graph\":[{\"@type\":\"WebPage\",\"@id\":\"https:\\\/\\\/almoroj.com\\\/product\\\/potatoes\\\/\",\"url\":\"https:\\\/\\\/almoroj.com\\\/product\\\/potatoes\\\/\",\"name\":\"Potatoes - Al-Moroj\",\"isPartOf\":{\"@id\":\"https:\\\/\\\/almoroj.com\\\/#website\"},\"primaryImageOfPage\":{\"@id\":\"https:\\\/\\\/almoroj.com\\\/product\\\/potatoes\\\/#primaryimage\"},\"image\":{\"@id\":\"https:\\\/\\\/almoroj.com\\\/product\\\/potatoes\\\/#primaryimage\"},\"thumbnailUrl\":\"https:\\\/\\\/almoroj.com\\\/wp-content\\\/uploads\\\/2025\\\/01\\\/potatoes.webp\",\"datePublished\":\"2025-01-12T02:02:11+00:00\",\"dateModified\":\"2025-01-28T12:56:09+00:00\",\"description\":\"Moroj Al-Yasmeen's Premium Natural Potatoes - Top quality for healthy meals worldwide. Available by pallet. Elevate your dishes today!\",\"breadcrumb\":{\"@id\":\"https:\\\/\\\/almoroj.com\\\/product\\\/potatoes\\\/#breadcrumb\"},\"inLanguage\":\"it-IT\",\"potentialAction\":[{\"@type\":\"ReadAction\",\"target\":[\"https:\\\/\\\/almoroj.com\\\/product\\\/potatoes\\\/\"]}]},{\"@type\":\"ImageObject\",\"inLanguage\":\"it-IT\",\"@id\":\"https:\\\/\\\/almoroj.com\\\/product\\\/potatoes\\\/#primaryimage\",\"url\":\"https:\\\/\\\/almoroj.com\\\/wp-content\\\/uploads\\\/2025\\\/01\\\/potatoes.webp\",\"contentUrl\":\"https:\\\/\\\/almoroj.com\\\/wp-content\\\/uploads\\\/2025\\\/01\\\/potatoes.webp\",\"width\":1500,\"height\":1500},{\"@type\":\"BreadcrumbList\",\"@id\":\"https:\\\/\\\/almoroj.com\\\/product\\\/potatoes\\\/#breadcrumb\",\"itemListElement\":[{\"@type\":\"ListItem\",\"position\":1,\"name\":\"Home\",\"item\":\"https:\\\/\\\/almoroj.com\\\/\"},{\"@type\":\"ListItem\",\"position\":2,\"name\":\"Shop\",\"item\":\"https:\\\/\\\/almoroj.com\\\/shop\\\/\"},{\"@type\":\"ListItem\",\"position\":3,\"name\":\"Potatoes\"}]},{\"@type\":\"WebSite\",\"@id\":\"https:\\\/\\\/almoroj.com\\\/#website\",\"url\":\"https:\\\/\\\/almoroj.com\\\/\",\"name\":\"Al-Moroj\",\"description\":\"Al-Moroj for organic products\",\"publisher\":{\"@id\":\"https:\\\/\\\/almoroj.com\\\/#organization\"},\"potentialAction\":[{\"@type\":\"SearchAction\",\"target\":{\"@type\":\"EntryPoint\",\"urlTemplate\":\"https:\\\/\\\/almoroj.com\\\/?s={search_term_string}\"},\"query-input\":{\"@type\":\"PropertyValueSpecification\",\"valueRequired\":true,\"valueName\":\"search_term_string\"}}],\"inLanguage\":\"it-IT\"},{\"@type\":\"Organization\",\"@id\":\"https:\\\/\\\/almoroj.com\\\/#organization\",\"name\":\"Al-Moroj\",\"url\":\"https:\\\/\\\/almoroj.com\\\/\",\"logo\":{\"@type\":\"ImageObject\",\"inLanguage\":\"it-IT\",\"@id\":\"https:\\\/\\\/almoroj.com\\\/#\\\/schema\\\/logo\\\/image\\\/\",\"url\":\"https:\\\/\\\/almoroj.com\\\/wp-content\\\/uploads\\\/2025\\\/01\\\/logo-square-512.webp\",\"contentUrl\":\"https:\\\/\\\/almoroj.com\\\/wp-content\\\/uploads\\\/2025\\\/01\\\/logo-square-512.webp\",\"width\":512,\"height\":512,\"caption\":\"Al-Moroj\"},\"image\":{\"@id\":\"https:\\\/\\\/almoroj.com\\\/#\\\/schema\\\/logo\\\/image\\\/\"},\"sameAs\":[\"https:\\\/\\\/www.facebook.com\\\/almorojfoods\",\"https:\\\/\\\/x.com\\\/almorojfoods\",\"https:\\\/\\\/www.instagram.com\\\/almorojfoods\",\"https:\\\/\\\/linkedin.com\\\/company\\\/almorojfoods\"]}]}<\/script>\n<!-- \/ Yoast SEO plugin. -->","yoast_head_json":{"title":"Potatoes - Al-Moroj","description":"Moroj Al-Yasmeen's Premium Natural Potatoes - Top quality for healthy meals worldwide. Available by pallet. Elevate your dishes today!","robots":{"index":"index","follow":"follow","max-snippet":"max-snippet:-1","max-image-preview":"max-image-preview:large","max-video-preview":"max-video-preview:-1"},"canonical":"https:\/\/almoroj.com\/it\/prodotto\/potatoes\/","og_locale":"it_IT","og_type":"article","og_title":"Potatoes - Al-Moroj","og_description":"Moroj Al-Yasmeen's Premium Natural Potatoes - Top quality for healthy meals worldwide. Available by pallet. Elevate your dishes today!","og_url":"https:\/\/almoroj.com\/it\/prodotto\/potatoes\/","og_site_name":"Al-Moroj","article_publisher":"https:\/\/www.facebook.com\/almorojfoods","article_modified_time":"2025-01-28T12:56:09+00:00","og_image":[{"width":1500,"height":1500,"url":"https:\/\/almoroj.com\/wp-content\/uploads\/2025\/01\/potatoes.webp","type":"image\/webp"}],"twitter_card":"summary_large_image","twitter_site":"@almorojfoods","twitter_misc":{"Tempo di lettura stimato":"1 minuto"},"schema":{"@context":"https:\/\/schema.org","@graph":[{"@type":"WebPage","@id":"https:\/\/almoroj.com\/product\/potatoes\/","url":"https:\/\/almoroj.com\/product\/potatoes\/","name":"Potatoes - Al-Moroj","isPartOf":{"@id":"https:\/\/almoroj.com\/#website"},"primaryImageOfPage":{"@id":"https:\/\/almoroj.com\/product\/potatoes\/#primaryimage"},"image":{"@id":"https:\/\/almoroj.com\/product\/potatoes\/#primaryimage"},"thumbnailUrl":"https:\/\/almoroj.com\/wp-content\/uploads\/2025\/01\/potatoes.webp","datePublished":"2025-01-12T02:02:11+00:00","dateModified":"2025-01-28T12:56:09+00:00","description":"Moroj Al-Yasmeen's Premium Natural Potatoes - Top quality for healthy meals worldwide. Available by pallet. Elevate your dishes today!","breadcrumb":{"@id":"https:\/\/almoroj.com\/product\/potatoes\/#breadcrumb"},"inLanguage":"it-IT","potentialAction":[{"@type":"ReadAction","target":["https:\/\/almoroj.com\/product\/potatoes\/"]}]},{"@type":"ImageObject","inLanguage":"it-IT","@id":"https:\/\/almoroj.com\/product\/potatoes\/#primaryimage","url":"https:\/\/almoroj.com\/wp-content\/uploads\/2025\/01\/potatoes.webp","contentUrl":"https:\/\/almoroj.com\/wp-content\/uploads\/2025\/01\/potatoes.webp","width":1500,"height":1500},{"@type":"BreadcrumbList","@id":"https:\/\/almoroj.com\/product\/potatoes\/#breadcrumb","itemListElement":[{"@type":"ListItem","position":1,"name":"Home","item":"https:\/\/almoroj.com\/"},{"@type":"ListItem","position":2,"name":"Shop","item":"https:\/\/almoroj.com\/shop\/"},{"@type":"ListItem","position":3,"name":"Potatoes"}]},{"@type":"WebSite","@id":"https:\/\/almoroj.com\/#website","url":"https:\/\/almoroj.com\/","name":"Al-Moroj","description":"Al-Moroj for organic products","publisher":{"@id":"https:\/\/almoroj.com\/#organization"},"potentialAction":[{"@type":"SearchAction","target":{"@type":"EntryPoint","urlTemplate":"https:\/\/almoroj.com\/?s={search_term_string}"},"query-input":{"@type":"PropertyValueSpecification","valueRequired":true,"valueName":"search_term_string"}}],"inLanguage":"it-IT"},{"@type":"Organization","@id":"https:\/\/almoroj.com\/#organization","name":"Al-Moroj","url":"https:\/\/almoroj.com\/","logo":{"@type":"ImageObject","inLanguage":"it-IT","@id":"https:\/\/almoroj.com\/#\/schema\/logo\/image\/","url":"https:\/\/almoroj.com\/wp-content\/uploads\/2025\/01\/logo-square-512.webp","contentUrl":"https:\/\/almoroj.com\/wp-content\/uploads\/2025\/01\/logo-square-512.webp","width":512,"height":512,"caption":"Al-Moroj"},"image":{"@id":"https:\/\/almoroj.com\/#\/schema\/logo\/image\/"},"sameAs":["https:\/\/www.facebook.com\/almorojfoods","https:\/\/x.com\/almorojfoods","https:\/\/www.instagram.com\/almorojfoods","https:\/\/linkedin.com\/company\/almorojfoods"]}]}},"_links":{"self":[{"href":"https:\/\/almoroj.com\/it\/wp-json\/wp\/v2\/product\/4176","targetHints":{"allow":["GET"]}}],"collection":[{"href":"https:\/\/almoroj.com\/it\/wp-json\/wp\/v2\/product"}],"about":[{"href":"https:\/\/almoroj.com\/it\/wp-json\/wp\/v2\/types\/product"}],"wp:featuredmedia":[{"embeddable":true,"href":"https:\/\/almoroj.com\/it\/wp-json\/wp\/v2\/media\/4233"}],"wp:attachment":[{"href":"https:\/\/almoroj.com\/it\/wp-json\/wp\/v2\/media?parent=4176"}],"wp:term":[{"taxonomy":"product_brand","embeddable":true,"href":"https:\/\/almoroj.com\/it\/wp-json\/wp\/v2\/product_brand?post=4176"},{"taxonomy":"product_cat","embeddable":true,"href":"https:\/\/almoroj.com\/it\/wp-json\/wp\/v2\/product_cat?post=4176"},{"taxonomy":"product_tag","embeddable":true,"href":"https:\/\/almoroj.com\/it\/wp-json\/wp\/v2\/product_tag?post=4176"}],"curies":[{"name":"wp","href":"https:\/\/api.w.org\/{rel}","templated":true}]}}