{"id":4162,"date":"2025-01-12T05:02:07","date_gmt":"2025-01-12T02:02:07","guid":{"rendered":"https:\/\/almoroj.com\/?post_type=product&#038;p=4162"},"modified":"2025-01-28T14:56:51","modified_gmt":"2025-01-28T12:56:51","slug":"garlic","status":"publish","type":"product","link":"https:\/\/almoroj.com\/it\/prodotto\/garlic\/","title":{"rendered":"Aglio"},"content":{"rendered":"<p>Scopri la ricca e aromatica essenza del nostro aglio naturale, perfetto per esaltare le tue creazioni culinarie. Coltivato in condizioni ideali per sfruttare appieno il suo potenziale di sapore, il nostro aglio \u00e8 accuratamente selezionato per garantire la massima freschezza e qualit\u00e0. \u00c8 un alimento base versatile che aggiunge un sapore piccante e robusto a una miriade di piatti, promuovendo non solo il sapore ma anche la salute. I composti naturali nel nostro aglio sono noti per rafforzare il sistema immunitario e promuovere il benessere generale.<\/p>\n<p><\/p>\n<p><strong>Questo prodotto \u00e8 disponibile per l&#039;acquisto a pallet. Ogni pallet contiene 50 scatole di prodotto. Ogni scatola contiene 12 KG di prodotto.<\/strong><\/p>\n<p><em>La spedizione non \u00e8 inclusa nel prezzo.<\/em><\/p>","protected":false},"excerpt":{"rendered":"<p>Scatena il potere dell&#039;aglio naturale e saporito nella tua cucina! Esalta i tuoi piatti con l&#039;aglio fresco e pregiato di Moroj Al-Yasmeen.<\/p>","protected":false},"featured_media":4202,"template":"","meta":{"inline_featured_image":false},"product_brand":[],"product_cat":[249],"product_tag":[270,277,252,275,276,266],"class_list":{"0":"post-4162","1":"product","2":"type-product","3":"status-publish","4":"has-post-thumbnail","6":"product_cat-vegetables","7":"product_tag-cooking","8":"product_tag-flavor","9":"product_tag-fresh","10":"product_tag-garlic","11":"product_tag-quality","12":"product_tag-sustainable","14":"first","15":"instock","16":"taxable","17":"shipping-taxable","18":"purchasable","19":"product-type-simple"},"yoast_head":"<!-- This site is optimized with the Yoast SEO plugin v27.4 - https:\/\/yoast.com\/product\/yoast-seo-wordpress\/ -->\n<title>Garlic - Al-Moroj<\/title>\n<meta name=\"description\" content=\"Enhance your meals with natural, flavorful garlic from Moroj Al-Yasmeen. Perfect for health and taste. Available for purchase by the pallet.\" \/>\n<meta name=\"robots\" content=\"index, follow, max-snippet:-1, max-image-preview:large, max-video-preview:-1\" \/>\n<link rel=\"canonical\" href=\"https:\/\/almoroj.com\/it\/prodotto\/garlic\/\" \/>\n<meta property=\"og:locale\" content=\"it_IT\" \/>\n<meta property=\"og:type\" content=\"article\" \/>\n<meta property=\"og:title\" content=\"Garlic - Al-Moroj\" \/>\n<meta property=\"og:description\" content=\"Enhance your meals with natural, flavorful garlic from Moroj Al-Yasmeen. Perfect for health and taste. Available for purchase by the pallet.\" \/>\n<meta property=\"og:url\" content=\"https:\/\/almoroj.com\/it\/prodotto\/garlic\/\" \/>\n<meta property=\"og:site_name\" content=\"Al-Moroj\" \/>\n<meta property=\"article:publisher\" content=\"https:\/\/www.facebook.com\/almorojfoods\" \/>\n<meta property=\"article:modified_time\" content=\"2025-01-28T12:56:51+00:00\" \/>\n<meta property=\"og:image\" content=\"https:\/\/almoroj.com\/wp-content\/uploads\/2025\/01\/close-up-garlic-bulb-table.webp\" \/>\n\t<meta property=\"og:image:width\" content=\"1780\" \/>\n\t<meta property=\"og:image:height\" content=\"1200\" \/>\n\t<meta property=\"og:image:type\" content=\"image\/webp\" \/>\n<meta name=\"twitter:card\" content=\"summary_large_image\" \/>\n<meta name=\"twitter:site\" content=\"@almorojfoods\" \/>\n<meta name=\"twitter:label1\" content=\"Tempo di lettura stimato\" \/>\n\t<meta name=\"twitter:data1\" content=\"1 minuto\" \/>\n<script type=\"application\/ld+json\" class=\"yoast-schema-graph\">{\"@context\":\"https:\\\/\\\/schema.org\",\"@graph\":[{\"@type\":\"WebPage\",\"@id\":\"https:\\\/\\\/almoroj.com\\\/product\\\/garlic\\\/\",\"url\":\"https:\\\/\\\/almoroj.com\\\/product\\\/garlic\\\/\",\"name\":\"Garlic - Al-Moroj\",\"isPartOf\":{\"@id\":\"https:\\\/\\\/almoroj.com\\\/#website\"},\"primaryImageOfPage\":{\"@id\":\"https:\\\/\\\/almoroj.com\\\/product\\\/garlic\\\/#primaryimage\"},\"image\":{\"@id\":\"https:\\\/\\\/almoroj.com\\\/product\\\/garlic\\\/#primaryimage\"},\"thumbnailUrl\":\"https:\\\/\\\/almoroj.com\\\/wp-content\\\/uploads\\\/2025\\\/01\\\/close-up-garlic-bulb-table.webp\",\"datePublished\":\"2025-01-12T02:02:07+00:00\",\"dateModified\":\"2025-01-28T12:56:51+00:00\",\"description\":\"Enhance your meals with natural, flavorful garlic from Moroj Al-Yasmeen. Perfect for health and taste. Available for purchase by the pallet.\",\"breadcrumb\":{\"@id\":\"https:\\\/\\\/almoroj.com\\\/product\\\/garlic\\\/#breadcrumb\"},\"inLanguage\":\"it-IT\",\"potentialAction\":[{\"@type\":\"ReadAction\",\"target\":[\"https:\\\/\\\/almoroj.com\\\/product\\\/garlic\\\/\"]}]},{\"@type\":\"ImageObject\",\"inLanguage\":\"it-IT\",\"@id\":\"https:\\\/\\\/almoroj.com\\\/product\\\/garlic\\\/#primaryimage\",\"url\":\"https:\\\/\\\/almoroj.com\\\/wp-content\\\/uploads\\\/2025\\\/01\\\/close-up-garlic-bulb-table.webp\",\"contentUrl\":\"https:\\\/\\\/almoroj.com\\\/wp-content\\\/uploads\\\/2025\\\/01\\\/close-up-garlic-bulb-table.webp\",\"width\":1780,\"height\":1200},{\"@type\":\"BreadcrumbList\",\"@id\":\"https:\\\/\\\/almoroj.com\\\/product\\\/garlic\\\/#breadcrumb\",\"itemListElement\":[{\"@type\":\"ListItem\",\"position\":1,\"name\":\"Home\",\"item\":\"https:\\\/\\\/almoroj.com\\\/\"},{\"@type\":\"ListItem\",\"position\":2,\"name\":\"Shop\",\"item\":\"https:\\\/\\\/almoroj.com\\\/shop\\\/\"},{\"@type\":\"ListItem\",\"position\":3,\"name\":\"Garlic\"}]},{\"@type\":\"WebSite\",\"@id\":\"https:\\\/\\\/almoroj.com\\\/#website\",\"url\":\"https:\\\/\\\/almoroj.com\\\/\",\"name\":\"Al-Moroj\",\"description\":\"Al-Moroj for organic products\",\"publisher\":{\"@id\":\"https:\\\/\\\/almoroj.com\\\/#organization\"},\"potentialAction\":[{\"@type\":\"SearchAction\",\"target\":{\"@type\":\"EntryPoint\",\"urlTemplate\":\"https:\\\/\\\/almoroj.com\\\/?s={search_term_string}\"},\"query-input\":{\"@type\":\"PropertyValueSpecification\",\"valueRequired\":true,\"valueName\":\"search_term_string\"}}],\"inLanguage\":\"it-IT\"},{\"@type\":\"Organization\",\"@id\":\"https:\\\/\\\/almoroj.com\\\/#organization\",\"name\":\"Al-Moroj\",\"url\":\"https:\\\/\\\/almoroj.com\\\/\",\"logo\":{\"@type\":\"ImageObject\",\"inLanguage\":\"it-IT\",\"@id\":\"https:\\\/\\\/almoroj.com\\\/#\\\/schema\\\/logo\\\/image\\\/\",\"url\":\"https:\\\/\\\/almoroj.com\\\/wp-content\\\/uploads\\\/2025\\\/01\\\/logo-square-512.webp\",\"contentUrl\":\"https:\\\/\\\/almoroj.com\\\/wp-content\\\/uploads\\\/2025\\\/01\\\/logo-square-512.webp\",\"width\":512,\"height\":512,\"caption\":\"Al-Moroj\"},\"image\":{\"@id\":\"https:\\\/\\\/almoroj.com\\\/#\\\/schema\\\/logo\\\/image\\\/\"},\"sameAs\":[\"https:\\\/\\\/www.facebook.com\\\/almorojfoods\",\"https:\\\/\\\/x.com\\\/almorojfoods\",\"https:\\\/\\\/www.instagram.com\\\/almorojfoods\",\"https:\\\/\\\/linkedin.com\\\/company\\\/almorojfoods\"]}]}<\/script>\n<!-- \/ Yoast SEO plugin. -->","yoast_head_json":{"title":"Garlic - Al-Moroj","description":"Enhance your meals with natural, flavorful garlic from Moroj Al-Yasmeen. Perfect for health and taste. Available for purchase by the pallet.","robots":{"index":"index","follow":"follow","max-snippet":"max-snippet:-1","max-image-preview":"max-image-preview:large","max-video-preview":"max-video-preview:-1"},"canonical":"https:\/\/almoroj.com\/it\/prodotto\/garlic\/","og_locale":"it_IT","og_type":"article","og_title":"Garlic - Al-Moroj","og_description":"Enhance your meals with natural, flavorful garlic from Moroj Al-Yasmeen. Perfect for health and taste. Available for purchase by the pallet.","og_url":"https:\/\/almoroj.com\/it\/prodotto\/garlic\/","og_site_name":"Al-Moroj","article_publisher":"https:\/\/www.facebook.com\/almorojfoods","article_modified_time":"2025-01-28T12:56:51+00:00","og_image":[{"width":1780,"height":1200,"url":"https:\/\/almoroj.com\/wp-content\/uploads\/2025\/01\/close-up-garlic-bulb-table.webp","type":"image\/webp"}],"twitter_card":"summary_large_image","twitter_site":"@almorojfoods","twitter_misc":{"Tempo di lettura stimato":"1 minuto"},"schema":{"@context":"https:\/\/schema.org","@graph":[{"@type":"WebPage","@id":"https:\/\/almoroj.com\/product\/garlic\/","url":"https:\/\/almoroj.com\/product\/garlic\/","name":"Garlic - Al-Moroj","isPartOf":{"@id":"https:\/\/almoroj.com\/#website"},"primaryImageOfPage":{"@id":"https:\/\/almoroj.com\/product\/garlic\/#primaryimage"},"image":{"@id":"https:\/\/almoroj.com\/product\/garlic\/#primaryimage"},"thumbnailUrl":"https:\/\/almoroj.com\/wp-content\/uploads\/2025\/01\/close-up-garlic-bulb-table.webp","datePublished":"2025-01-12T02:02:07+00:00","dateModified":"2025-01-28T12:56:51+00:00","description":"Enhance your meals with natural, flavorful garlic from Moroj Al-Yasmeen. Perfect for health and taste. Available for purchase by the pallet.","breadcrumb":{"@id":"https:\/\/almoroj.com\/product\/garlic\/#breadcrumb"},"inLanguage":"it-IT","potentialAction":[{"@type":"ReadAction","target":["https:\/\/almoroj.com\/product\/garlic\/"]}]},{"@type":"ImageObject","inLanguage":"it-IT","@id":"https:\/\/almoroj.com\/product\/garlic\/#primaryimage","url":"https:\/\/almoroj.com\/wp-content\/uploads\/2025\/01\/close-up-garlic-bulb-table.webp","contentUrl":"https:\/\/almoroj.com\/wp-content\/uploads\/2025\/01\/close-up-garlic-bulb-table.webp","width":1780,"height":1200},{"@type":"BreadcrumbList","@id":"https:\/\/almoroj.com\/product\/garlic\/#breadcrumb","itemListElement":[{"@type":"ListItem","position":1,"name":"Home","item":"https:\/\/almoroj.com\/"},{"@type":"ListItem","position":2,"name":"Shop","item":"https:\/\/almoroj.com\/shop\/"},{"@type":"ListItem","position":3,"name":"Garlic"}]},{"@type":"WebSite","@id":"https:\/\/almoroj.com\/#website","url":"https:\/\/almoroj.com\/","name":"Al-Moroj","description":"Al-Moroj for organic products","publisher":{"@id":"https:\/\/almoroj.com\/#organization"},"potentialAction":[{"@type":"SearchAction","target":{"@type":"EntryPoint","urlTemplate":"https:\/\/almoroj.com\/?s={search_term_string}"},"query-input":{"@type":"PropertyValueSpecification","valueRequired":true,"valueName":"search_term_string"}}],"inLanguage":"it-IT"},{"@type":"Organization","@id":"https:\/\/almoroj.com\/#organization","name":"Al-Moroj","url":"https:\/\/almoroj.com\/","logo":{"@type":"ImageObject","inLanguage":"it-IT","@id":"https:\/\/almoroj.com\/#\/schema\/logo\/image\/","url":"https:\/\/almoroj.com\/wp-content\/uploads\/2025\/01\/logo-square-512.webp","contentUrl":"https:\/\/almoroj.com\/wp-content\/uploads\/2025\/01\/logo-square-512.webp","width":512,"height":512,"caption":"Al-Moroj"},"image":{"@id":"https:\/\/almoroj.com\/#\/schema\/logo\/image\/"},"sameAs":["https:\/\/www.facebook.com\/almorojfoods","https:\/\/x.com\/almorojfoods","https:\/\/www.instagram.com\/almorojfoods","https:\/\/linkedin.com\/company\/almorojfoods"]}]}},"_links":{"self":[{"href":"https:\/\/almoroj.com\/it\/wp-json\/wp\/v2\/product\/4162","targetHints":{"allow":["GET"]}}],"collection":[{"href":"https:\/\/almoroj.com\/it\/wp-json\/wp\/v2\/product"}],"about":[{"href":"https:\/\/almoroj.com\/it\/wp-json\/wp\/v2\/types\/product"}],"wp:featuredmedia":[{"embeddable":true,"href":"https:\/\/almoroj.com\/it\/wp-json\/wp\/v2\/media\/4202"}],"wp:attachment":[{"href":"https:\/\/almoroj.com\/it\/wp-json\/wp\/v2\/media?parent=4162"}],"wp:term":[{"taxonomy":"product_brand","embeddable":true,"href":"https:\/\/almoroj.com\/it\/wp-json\/wp\/v2\/product_brand?post=4162"},{"taxonomy":"product_cat","embeddable":true,"href":"https:\/\/almoroj.com\/it\/wp-json\/wp\/v2\/product_cat?post=4162"},{"taxonomy":"product_tag","embeddable":true,"href":"https:\/\/almoroj.com\/it\/wp-json\/wp\/v2\/product_tag?post=4162"}],"curies":[{"name":"wp","href":"https:\/\/api.w.org\/{rel}","templated":true}]}}